{"id":1102,"date":"2022-06-29T10:28:31","date_gmt":"2022-06-29T08:28:31","guid":{"rendered":"https:\/\/starling-tea.com\/?page_id=1102"},"modified":"2022-11-17T11:33:35","modified_gmt":"2022-11-17T10:33:35","slug":"%d8%b9%d9%84%d8%a7%d9%85%d8%a9-%d8%b3%d8%aa%d8%a7%d8%b1%d9%84%d9%8a%d9%86%d8%ac","status":"publish","type":"page","link":"https:\/\/starling-tea.com\/ar\/%d8%b9%d9%84%d8%a7%d9%85%d8%a9-%d8%b3%d8%aa%d8%a7%d8%b1%d9%84%d9%8a%d9%86%d8%ac\/","title":{"rendered":"\u0639\u0644\u0627\u0645\u0629 \u0633\u062a\u0627\u0631\u0644\u064a\u0646\u062c"},"content":{"rendered":"<p>[et_pb_section fb_built=&#8221;1&#8243; module_class=&#8221;landingPage friseBlanche&#8221; _builder_version=&#8221;4.17.4&#8243; _module_preset=&#8221;default&#8221; use_background_color_gradient=&#8221;on&#8221; background_color_gradient_stops=&#8221;#ffde00 0%|#e9900c 100%&#8221; locked=&#8221;off&#8221; global_colors_info=&#8221;{}&#8221;][et_pb_row _builder_version=&#8221;4.17.4&#8243; _module_preset=&#8221;default&#8221; global_colors_info=&#8221;{}&#8221;][et_pb_column type=&#8221;4_4&#8243; _builder_version=&#8221;4.17.4&#8243; _module_preset=&#8221;default&#8221; global_colors_info=&#8221;{}&#8221;][et_pb_text module_class=&#8221;textLanding&#8221; _builder_version=&#8221;4.17.6&#8243; _module_preset=&#8221;default&#8221; background_enable_image=&#8221;off&#8221; hover_enabled=&#8221;0&#8243; global_colors_info=&#8221;{}&#8221; sticky_enabled=&#8221;0&#8243;]<\/p>\n<h1 class='txtLanding'>\u0639\u0644\u0627\u0645\u0629 \u0633\u062a\u0627\u0631\u0644\u064a\u0646\u062c<\/h1>\n<p>[\/et_pb_text][\/et_pb_column][\/et_pb_row][et_pb_row _builder_version=&#8221;4.17.4&#8243; _module_preset=&#8221;default&#8221; global_colors_info=&#8221;{}&#8221;][et_pb_column type=&#8221;4_4&#8243; _builder_version=&#8221;4.17.4&#8243; _module_preset=&#8221;default&#8221; global_colors_info=&#8221;{}&#8221;][et_pb_image src=&#8221;https:\/\/starling-tea.com\/wp-content\/uploads\/2022\/06\/arrow.png&#8221; title_text=&#8221;arrow&#8221; url=&#8221;#sectionDeux&#8221; align=&#8221;center&#8221; module_class=&#8221;arrow&#8221; _builder_version=&#8221;4.17.4&#8243; _module_preset=&#8221;default&#8221; hover_enabled=&#8221;0&#8243; global_colors_info=&#8221;{}&#8221; sticky_enabled=&#8221;0&#8243;][\/et_pb_image][\/et_pb_column][\/et_pb_row][\/et_pb_section][et_pb_section fb_built=&#8221;1&#8243; module_id=&#8221;sectionDeux&#8221; _builder_version=&#8221;4.17.4&#8243; _module_preset=&#8221;default&#8221; global_colors_info=&#8221;{}&#8221;][et_pb_row column_structure=&#8221;1_3,2_3&#8243; _builder_version=&#8221;4.17.4&#8243; _module_preset=&#8221;default&#8221; global_colors_info=&#8221;{}&#8221;][et_pb_column type=&#8221;1_3&#8243; _builder_version=&#8221;4.17.4&#8243; _module_preset=&#8221;default&#8221; global_colors_info=&#8221;{}&#8221;][et_pb_image src=&#8221;https:\/\/starling-tea.com\/wp-content\/uploads\/2022\/09\/la-marque.jpg&#8221; title_text=&#8221;la-marque&#8221; align=&#8221;center&#8221; _builder_version=&#8221;4.17.6&#8243; _module_preset=&#8221;default&#8221; hover_enabled=&#8221;0&#8243; global_colors_info=&#8221;{}&#8221; sticky_enabled=&#8221;0&#8243;][\/et_pb_image][\/et_pb_column][et_pb_column type=&#8221;2_3&#8243; _builder_version=&#8221;4.17.4&#8243; _module_preset=&#8221;default&#8221; global_colors_info=&#8221;{}&#8221;][et_pb_text _builder_version=&#8221;4.17.6&#8243; _module_preset=&#8221;default&#8221; hover_enabled=&#8221;0&#8243; global_colors_info=&#8221;{}&#8221; sticky_enabled=&#8221;0&#8243;]<\/p>\n<p class=\"txtCenter\"><span class=\"bold\">\u0631\u0623\u062a \u0633\u062a\u0627\u0631\u0644\u064a\u0646\u062c \u0627\u0644\u0646\u0651\u0648\u0631 \u0641\u064a \u0639\u0627\u0645 1992\u060c \u0648\u0647\u064a \u0639\u0644\u0627\u0645\u0629 \u062a\u062c\u0627\u0631\u064a\u0651\u0629 \u0644\u0644\u0634\u0651\u0627\u064a \u0648\u0644\u0644\u0645\u0634\u0631\u0648\u0628\u0627\u062a \u0627\u0644\u0641\u0648\u0631\u064a\u0651\u0629 \u0627\u0644\u062a\u0651\u064a \u062a\u0633\u0639\u0649 \u0625\u0644\u0649 \u062a\u063a\u064a\u064a\u0631 \u0642\u0648\u0627\u0639\u062f \u0648\u0639\u0627\u062f\u0627\u062a \u0627\u062d\u062a\u0633\u0627\u0621 \u0627\u0644\u0634\u0651\u0627\u064a \u0645\u0646 \u062e\u0644\u0627\u0644 \u062a\u0628\u0633\u064a\u0637\u0647\u0627 \u0648\u062c\u0639\u0644\u0647\u0627 \u062f\u0648\u0646 \u0642\u064a\u0648\u062f \u0648\u0635\u0639\u0648\u0628\u0627\u062a \u0644\u062a\u0643\u0648\u0646 \u0644\u062d\u0638\u0629 \u0634\u0631\u0628 \u0627\u0644\u0634\u0651\u0627\u064a \u0644\u062d\u0638\u0629\u064b \u0645\u0645\u064a\u0651\u0632\u0629\u064b. \u0641\u064a \u0645\u062e\u062a\u0644\u0641 \u0627\u0644\u062b\u0651\u0642\u0627\u0641\u0627\u062a \u0627\u0644\u062a\u0651\u0642\u0644\u064a\u062f\u064a\u0651\u0629\u060c \u064a\u062a\u0645\u0651 \u0625\u0639\u062f\u0627\u062f \u0627\u0644\u0634\u0651\u0627\u064a \u0648\u0641\u0642 \u0637\u0642\u0648\u0633 \u0645\u062a\u0631\u0633\u0651\u062e\u0629 \u0648\u0637\u0648\u064a\u0644\u0629 \u0628\u0633\u0628\u0628 \u0645\u062f\u0651\u0629 \u0627\u0644\u062a\u0651\u0634\u0631\u064a\u0628 \u0627\u0644\u0644\u0627\u0651\u0632\u0645\u0629 \u0644\u0644\u062d\u0635\u0648\u0644 \u0639\u0644\u0649 \u0647\u0630\u0627 \u0627\u0644\u0645\u0634\u0631\u0648\u0628 \u0627\u0644\u0645\u0646\u062a\u0638\u0631. \u0628\u0637\u0628\u064a\u0639\u0629 \u0627\u0644\u062d\u0627\u0644\u060c \u0634\u0627\u064a \u0648\u0645\u0634\u0631\u0648\u0628\u0627\u062a \u0633\u062a\u0627\u0631\u0644\u064a\u0646\u062c \u0627\u0644\u0641\u0648\u0631\u064a\u0651\u0629 \u0645\u0633\u062a\u0648\u062d\u0627\u0629 \u0645\u0646 \u0647\u0630\u0647 \u0627\u0644\u0637\u0651\u0642\u0648\u0633 \u0627\u0644\u0645\u062a\u062c\u0630\u0651\u0631\u0629 \u0641\u064a \u0627\u0644\u062d\u0636\u0627\u0631\u0629 \u0627\u0644\u0625\u0646\u0633\u0627\u0646\u064a\u0651\u0629\u060c \u0648\u0644\u0643\u0646\u0651\u0646\u0627 \u0633\u0639\u064a\u0646\u0627 \u0625\u0644\u0649 \u0627\u0644\u062a\u0651\u062e\u0644\u0651\u0635 \u0645\u0646 \u0648\u0642\u062a \u0627\u0644\u0627\u0646\u062a\u0638\u0627\u0631 \u0627\u0644\u0637\u0651\u0648\u064a\u0644! \u0636\u0639\u0652 \u062b\u0644\u0627\u062b \u0645\u0644\u0627\u0639\u0642 \u0645\u0646 \u0645\u0646\u062a\u062c\u0627\u062a\u0646\u0627 \u0641\u064a \u0643\u0648\u0628 \u0645\u0646 \u0627\u0644\u0645\u0627\u0621 \u0627\u0644\u0633\u0651\u0627\u062e\u0646 \u0623\u0648 \u0627\u0644\u0628\u0627\u0631\u062f\u060c \u062b\u0645\u0651 \u062d\u0631\u0651\u0643 \u0627\u0644\u0643\u0644\u0651 \u0648\u0627\u0633\u062a\u0645\u062a\u0639 \u0628\u0645\u0634\u0631\u0648\u0628\u0643 \u0627\u0644\u062c\u0627\u0647\u0632 \u0641\u064a \u062b\u0648\u0627\u0646!<\/p>\n<p>[\/et_pb_text][\/et_pb_column][\/et_pb_row][\/et_pb_section]<\/p>\n","protected":false},"excerpt":{"rendered":"<p>\u0639\u0644\u0627\u0645\u0629 \u0633\u062a\u0627\u0631\u0644\u064a\u0646\u062c\u0631\u0623\u062a \u0633\u062a\u0627\u0631\u0644\u064a\u0646\u062c \u0627\u0644\u0646\u0651\u0648\u0631 \u0641\u064a \u0639\u0627\u0645 1992\u060c \u0648\u0647\u064a \u0639\u0644\u0627\u0645\u0629 \u062a\u062c\u0627\u0631\u064a\u0651\u0629 \u0644\u0644\u0634\u0651\u0627\u064a \u0648\u0644\u0644\u0645\u0634\u0631\u0648\u0628\u0627\u062a \u0627\u0644\u0641\u0648\u0631\u064a\u0651\u0629 \u0627\u0644\u062a\u0651\u064a \u062a\u0633\u0639\u0649 \u0625\u0644\u0649 \u062a\u063a\u064a\u064a\u0631 \u0642\u0648\u0627\u0639\u062f \u0648\u0639\u0627\u062f\u0627\u062a \u0627\u062d\u062a\u0633\u0627\u0621 \u0627\u0644\u0634\u0651\u0627\u064a \u0645\u0646 \u062e\u0644\u0627\u0644 \u062a\u0628\u0633\u064a\u0637\u0647\u0627 \u0648\u062c\u0639\u0644\u0647\u0627 \u062f\u0648\u0646 \u0642\u064a\u0648\u062f \u0648\u0635\u0639\u0648\u0628\u0627\u062a \u0644\u062a\u0643\u0648\u0646 \u0644\u062d\u0638\u0629 \u0634\u0631\u0628 \u0627\u0644\u0634\u0651\u0627\u064a \u0644\u062d\u0638\u0629\u064b \u0645\u0645\u064a\u0651\u0632\u0629\u064b. \u0641\u064a \u0645\u062e\u062a\u0644\u0641 \u0627\u0644\u062b\u0651\u0642\u0627\u0641\u0627\u062a \u0627\u0644\u062a\u0651\u0642\u0644\u064a\u062f\u064a\u0651\u0629\u060c \u064a\u062a\u0645\u0651 \u0625\u0639\u062f\u0627\u062f \u0627\u0644\u0634\u0651\u0627\u064a \u0648\u0641\u0642 \u0637\u0642\u0648\u0633 \u0645\u062a\u0631\u0633\u0651\u062e\u0629 \u0648\u0637\u0648\u064a\u0644\u0629 \u0628\u0633\u0628\u0628 \u0645\u062f\u0651\u0629 \u0627\u0644\u062a\u0651\u0634\u0631\u064a\u0628 \u0627\u0644\u0644\u0627\u0651\u0632\u0645\u0629 \u0644\u0644\u062d\u0635\u0648\u0644 \u0639\u0644\u0649 \u0647\u0630\u0627 \u0627\u0644\u0645\u0634\u0631\u0648\u0628 \u0627\u0644\u0645\u0646\u062a\u0638\u0631. \u0628\u0637\u0628\u064a\u0639\u0629 [&hellip;]<\/p>\n","protected":false},"author":1,"featured_media":0,"parent":0,"menu_order":0,"comment_status":"closed","ping_status":"closed","template":"","meta":{"_et_pb_use_builder":"on","_et_pb_old_content":"[et_pb_section fb_built=\"1\" module_class=\"landingPage friseBlanche\" _builder_version=\"4.17.4\" _module_preset=\"default\" use_background_color_gradient=\"on\" background_color_gradient_stops=\"#ffde00 0%|#e9900c 100%\" locked=\"off\" global_colors_info=\"{}\"][et_pb_row _builder_version=\"4.17.4\" _module_preset=\"default\" global_colors_info=\"{}\"][et_pb_column type=\"4_4\" _builder_version=\"4.17.4\" _module_preset=\"default\" global_colors_info=\"{}\"][et_pb_text module_class=\"textLanding\" _builder_version=\"4.17.4\" _module_preset=\"default\" background_enable_image=\"off\" global_colors_info=\"{}\"]<h1 class='txtLanding'>La marque Starling<\/h1>[\/et_pb_text][\/et_pb_column][\/et_pb_row][et_pb_row _builder_version=\"4.17.4\" _module_preset=\"default\" global_colors_info=\"{}\"][et_pb_column type=\"4_4\" _builder_version=\"4.17.4\" _module_preset=\"default\" global_colors_info=\"{}\"][et_pb_image src=\"https:\/\/starling-tea.com\/wp-content\/uploads\/2022\/06\/arrow.png\" title_text=\"arrow\" url=\"#sectionDeux\" align=\"center\" module_class=\"arrow\" _builder_version=\"4.17.4\" _module_preset=\"default\" hover_enabled=\"0\" global_colors_info=\"{}\" sticky_enabled=\"0\"][\/et_pb_image][\/et_pb_column][\/et_pb_row][\/et_pb_section][et_pb_section fb_built=\"1\" module_id=\"sectionDeux\" _builder_version=\"4.17.4\" _module_preset=\"default\" global_colors_info=\"{}\"][et_pb_row column_structure=\"1_3,2_3\" _builder_version=\"4.17.4\" _module_preset=\"default\" global_colors_info=\"{}\"][et_pb_column type=\"1_3\" _builder_version=\"4.17.4\" _module_preset=\"default\" global_colors_info=\"{}\"][et_pb_image src=\"https:\/\/starling-tea.com\/wp-content\/uploads\/2022\/09\/la-marque.jpg\" title_text=\"la-marque\" _builder_version=\"4.17.6\" _module_preset=\"default\" hover_enabled=\"0\" global_colors_info=\"{}\" align=\"center\" sticky_enabled=\"0\"][\/et_pb_image][\/et_pb_column][et_pb_column type=\"2_3\" _builder_version=\"4.17.4\" _module_preset=\"default\" global_colors_info=\"{}\"][et_pb_text _builder_version=\"4.17.4\" _module_preset=\"default\" global_colors_info=\"{}\"]<p class=\"txtCenter\"><span class=\"bold\">Starling est une marque de th\u00e9s et boissons instantan\u00e9s qui existe depuis 1992 et qui bouscule des codes du tea time en simplifiant et d\u00e9complexant r\u00e9solument ce moment.<\/span> Dans diverses cultures traditionnelles, l\u2019heure du th\u00e9 s\u2019accompagne de rituels longs \u00e0 cause du temps d\u2019infusion n\u00e9cessaire pour obtenir la pr\u00e9cieuse boisson. Les th\u00e9s et boissons instantan\u00e9s Starling, s\u2019inspirent de ces rituels mais plus besoin d\u2019attendre ! Quelques cuiller\u00e9es dans une tasse d\u2019eau chaude ou froide et en trois tours de cuill\u00e8res votre boisson est pr\u00eate \u00e0 \u00eatre d\u00e9gust\u00e9e !<\/p>[\/et_pb_text][\/et_pb_column][\/et_pb_row][\/et_pb_section]","_et_gb_content_width":"","footnotes":""},"class_list":["post-1102","page","type-page","status-publish","hentry"],"yoast_head":"<!-- This site is optimized with the Yoast SEO plugin v22.7 - https:\/\/yoast.com\/wordpress\/plugins\/seo\/ -->\n<title>\u0639\u0644\u0627\u0645\u0629 \u0633\u062a\u0627\u0631\u0644\u064a\u0646\u062c - Starling Tea<\/title>\n<meta name=\"robots\" content=\"index, follow, max-snippet:-1, max-image-preview:large, max-video-preview:-1\" \/>\n<link rel=\"canonical\" href=\"https:\/\/starling-tea.com\/ar\/\u0639\u0644\u0627\u0645\u0629-\u0633\u062a\u0627\u0631\u0644\u064a\u0646\u062c\/\" \/>\n<meta property=\"og:locale\" content=\"ar_AR\" \/>\n<meta property=\"og:type\" content=\"article\" \/>\n<meta property=\"og:title\" content=\"\u0639\u0644\u0627\u0645\u0629 \u0633\u062a\u0627\u0631\u0644\u064a\u0646\u062c - Starling Tea\" \/>\n<meta property=\"og:description\" content=\"\u0639\u0644\u0627\u0645\u0629 \u0633\u062a\u0627\u0631\u0644\u064a\u0646\u062c\u0631\u0623\u062a \u0633\u062a\u0627\u0631\u0644\u064a\u0646\u062c \u0627\u0644\u0646\u0651\u0648\u0631 \u0641\u064a \u0639\u0627\u0645 1992\u060c \u0648\u0647\u064a \u0639\u0644\u0627\u0645\u0629 \u062a\u062c\u0627\u0631\u064a\u0651\u0629 \u0644\u0644\u0634\u0651\u0627\u064a \u0648\u0644\u0644\u0645\u0634\u0631\u0648\u0628\u0627\u062a \u0627\u0644\u0641\u0648\u0631\u064a\u0651\u0629 \u0627\u0644\u062a\u0651\u064a \u062a\u0633\u0639\u0649 \u0625\u0644\u0649 \u062a\u063a\u064a\u064a\u0631 \u0642\u0648\u0627\u0639\u062f \u0648\u0639\u0627\u062f\u0627\u062a \u0627\u062d\u062a\u0633\u0627\u0621 \u0627\u0644\u0634\u0651\u0627\u064a \u0645\u0646 \u062e\u0644\u0627\u0644 \u062a\u0628\u0633\u064a\u0637\u0647\u0627 \u0648\u062c\u0639\u0644\u0647\u0627 \u062f\u0648\u0646 \u0642\u064a\u0648\u062f \u0648\u0635\u0639\u0648\u0628\u0627\u062a \u0644\u062a\u0643\u0648\u0646 \u0644\u062d\u0638\u0629 \u0634\u0631\u0628 \u0627\u0644\u0634\u0651\u0627\u064a \u0644\u062d\u0638\u0629\u064b \u0645\u0645\u064a\u0651\u0632\u0629\u064b. \u0641\u064a \u0645\u062e\u062a\u0644\u0641 \u0627\u0644\u062b\u0651\u0642\u0627\u0641\u0627\u062a \u0627\u0644\u062a\u0651\u0642\u0644\u064a\u062f\u064a\u0651\u0629\u060c \u064a\u062a\u0645\u0651 \u0625\u0639\u062f\u0627\u062f \u0627\u0644\u0634\u0651\u0627\u064a \u0648\u0641\u0642 \u0637\u0642\u0648\u0633 \u0645\u062a\u0631\u0633\u0651\u062e\u0629 \u0648\u0637\u0648\u064a\u0644\u0629 \u0628\u0633\u0628\u0628 \u0645\u062f\u0651\u0629 \u0627\u0644\u062a\u0651\u0634\u0631\u064a\u0628 \u0627\u0644\u0644\u0627\u0651\u0632\u0645\u0629 \u0644\u0644\u062d\u0635\u0648\u0644 \u0639\u0644\u0649 \u0647\u0630\u0627 \u0627\u0644\u0645\u0634\u0631\u0648\u0628 \u0627\u0644\u0645\u0646\u062a\u0638\u0631. \u0628\u0637\u0628\u064a\u0639\u0629 [&hellip;]\" \/>\n<meta property=\"og:url\" content=\"https:\/\/starling-tea.com\/ar\/\u0639\u0644\u0627\u0645\u0629-\u0633\u062a\u0627\u0631\u0644\u064a\u0646\u062c\/\" \/>\n<meta property=\"og:site_name\" content=\"Starling Tea\" \/>\n<meta property=\"article:modified_time\" content=\"2022-11-17T10:33:35+00:00\" \/>\n<meta name=\"twitter:card\" content=\"summary_large_image\" \/>\n<meta name=\"twitter:label1\" content=\"\u0648\u0642\u062a \u0627\u0644\u0642\u0631\u0627\u0621\u0629 \u0627\u0644\u0645\u064f\u0642\u062f\u0651\u0631\" \/>\n\t<meta name=\"twitter:data1\" content=\"\u062f\u0642\u064a\u0642\u0629 \u0648\u0627\u062d\u062f\u0629\" \/>\n<script type=\"application\/ld+json\" class=\"yoast-schema-graph\">{\"@context\":\"https:\/\/schema.org\",\"@graph\":[{\"@type\":\"WebPage\",\"@id\":\"https:\/\/starling-tea.com\/ar\/%d8%b9%d9%84%d8%a7%d9%85%d8%a9-%d8%b3%d8%aa%d8%a7%d8%b1%d9%84%d9%8a%d9%86%d8%ac\/\",\"url\":\"https:\/\/starling-tea.com\/ar\/%d8%b9%d9%84%d8%a7%d9%85%d8%a9-%d8%b3%d8%aa%d8%a7%d8%b1%d9%84%d9%8a%d9%86%d8%ac\/\",\"name\":\"\u0639\u0644\u0627\u0645\u0629 \u0633\u062a\u0627\u0631\u0644\u064a\u0646\u062c - Starling Tea\",\"isPartOf\":{\"@id\":\"https:\/\/starling-tea.com\/#website\"},\"datePublished\":\"2022-06-29T08:28:31+00:00\",\"dateModified\":\"2022-11-17T10:33:35+00:00\",\"breadcrumb\":{\"@id\":\"https:\/\/starling-tea.com\/ar\/%d8%b9%d9%84%d8%a7%d9%85%d8%a9-%d8%b3%d8%aa%d8%a7%d8%b1%d9%84%d9%8a%d9%86%d8%ac\/#breadcrumb\"},\"inLanguage\":\"ar\",\"potentialAction\":[{\"@type\":\"ReadAction\",\"target\":[\"https:\/\/starling-tea.com\/ar\/%d8%b9%d9%84%d8%a7%d9%85%d8%a9-%d8%b3%d8%aa%d8%a7%d8%b1%d9%84%d9%8a%d9%86%d8%ac\/\"]}]},{\"@type\":\"BreadcrumbList\",\"@id\":\"https:\/\/starling-tea.com\/ar\/%d8%b9%d9%84%d8%a7%d9%85%d8%a9-%d8%b3%d8%aa%d8%a7%d8%b1%d9%84%d9%8a%d9%86%d8%ac\/#breadcrumb\",\"itemListElement\":[{\"@type\":\"ListItem\",\"position\":1,\"name\":\"Accueil\",\"item\":\"https:\/\/starling-tea.com\/ar\/\"},{\"@type\":\"ListItem\",\"position\":2,\"name\":\"\u0639\u0644\u0627\u0645\u0629 \u0633\u062a\u0627\u0631\u0644\u064a\u0646\u062c\"}]},{\"@type\":\"WebSite\",\"@id\":\"https:\/\/starling-tea.com\/#website\",\"url\":\"https:\/\/starling-tea.com\/\",\"name\":\"Starling Tea\",\"description\":\"LES BOISSONS INSTANTAN\u00c9ES STARLING, UN SUCC\u00c8S DEPUIS PLUS DE 30 ANS\",\"potentialAction\":[{\"@type\":\"SearchAction\",\"target\":{\"@type\":\"EntryPoint\",\"urlTemplate\":\"https:\/\/starling-tea.com\/?s={search_term_string}\"},\"query-input\":\"required name=search_term_string\"}],\"inLanguage\":\"ar\"}]}<\/script>\n<!-- \/ Yoast SEO plugin. -->","yoast_head_json":{"title":"\u0639\u0644\u0627\u0645\u0629 \u0633\u062a\u0627\u0631\u0644\u064a\u0646\u062c - Starling Tea","robots":{"index":"index","follow":"follow","max-snippet":"max-snippet:-1","max-image-preview":"max-image-preview:large","max-video-preview":"max-video-preview:-1"},"canonical":"https:\/\/starling-tea.com\/ar\/\u0639\u0644\u0627\u0645\u0629-\u0633\u062a\u0627\u0631\u0644\u064a\u0646\u062c\/","og_locale":"ar_AR","og_type":"article","og_title":"\u0639\u0644\u0627\u0645\u0629 \u0633\u062a\u0627\u0631\u0644\u064a\u0646\u062c - Starling Tea","og_description":"\u0639\u0644\u0627\u0645\u0629 \u0633\u062a\u0627\u0631\u0644\u064a\u0646\u062c\u0631\u0623\u062a \u0633\u062a\u0627\u0631\u0644\u064a\u0646\u062c \u0627\u0644\u0646\u0651\u0648\u0631 \u0641\u064a \u0639\u0627\u0645 1992\u060c \u0648\u0647\u064a \u0639\u0644\u0627\u0645\u0629 \u062a\u062c\u0627\u0631\u064a\u0651\u0629 \u0644\u0644\u0634\u0651\u0627\u064a \u0648\u0644\u0644\u0645\u0634\u0631\u0648\u0628\u0627\u062a \u0627\u0644\u0641\u0648\u0631\u064a\u0651\u0629 \u0627\u0644\u062a\u0651\u064a \u062a\u0633\u0639\u0649 \u0625\u0644\u0649 \u062a\u063a\u064a\u064a\u0631 \u0642\u0648\u0627\u0639\u062f \u0648\u0639\u0627\u062f\u0627\u062a \u0627\u062d\u062a\u0633\u0627\u0621 \u0627\u0644\u0634\u0651\u0627\u064a \u0645\u0646 \u062e\u0644\u0627\u0644 \u062a\u0628\u0633\u064a\u0637\u0647\u0627 \u0648\u062c\u0639\u0644\u0647\u0627 \u062f\u0648\u0646 \u0642\u064a\u0648\u062f \u0648\u0635\u0639\u0648\u0628\u0627\u062a \u0644\u062a\u0643\u0648\u0646 \u0644\u062d\u0638\u0629 \u0634\u0631\u0628 \u0627\u0644\u0634\u0651\u0627\u064a \u0644\u062d\u0638\u0629\u064b \u0645\u0645\u064a\u0651\u0632\u0629\u064b. \u0641\u064a \u0645\u062e\u062a\u0644\u0641 \u0627\u0644\u062b\u0651\u0642\u0627\u0641\u0627\u062a \u0627\u0644\u062a\u0651\u0642\u0644\u064a\u062f\u064a\u0651\u0629\u060c \u064a\u062a\u0645\u0651 \u0625\u0639\u062f\u0627\u062f \u0627\u0644\u0634\u0651\u0627\u064a \u0648\u0641\u0642 \u0637\u0642\u0648\u0633 \u0645\u062a\u0631\u0633\u0651\u062e\u0629 \u0648\u0637\u0648\u064a\u0644\u0629 \u0628\u0633\u0628\u0628 \u0645\u062f\u0651\u0629 \u0627\u0644\u062a\u0651\u0634\u0631\u064a\u0628 \u0627\u0644\u0644\u0627\u0651\u0632\u0645\u0629 \u0644\u0644\u062d\u0635\u0648\u0644 \u0639\u0644\u0649 \u0647\u0630\u0627 \u0627\u0644\u0645\u0634\u0631\u0648\u0628 \u0627\u0644\u0645\u0646\u062a\u0638\u0631. \u0628\u0637\u0628\u064a\u0639\u0629 [&hellip;]","og_url":"https:\/\/starling-tea.com\/ar\/\u0639\u0644\u0627\u0645\u0629-\u0633\u062a\u0627\u0631\u0644\u064a\u0646\u062c\/","og_site_name":"Starling Tea","article_modified_time":"2022-11-17T10:33:35+00:00","twitter_card":"summary_large_image","twitter_misc":{"\u0648\u0642\u062a \u0627\u0644\u0642\u0631\u0627\u0621\u0629 \u0627\u0644\u0645\u064f\u0642\u062f\u0651\u0631":"\u062f\u0642\u064a\u0642\u0629 \u0648\u0627\u062d\u062f\u0629"},"schema":{"@context":"https:\/\/schema.org","@graph":[{"@type":"WebPage","@id":"https:\/\/starling-tea.com\/ar\/%d8%b9%d9%84%d8%a7%d9%85%d8%a9-%d8%b3%d8%aa%d8%a7%d8%b1%d9%84%d9%8a%d9%86%d8%ac\/","url":"https:\/\/starling-tea.com\/ar\/%d8%b9%d9%84%d8%a7%d9%85%d8%a9-%d8%b3%d8%aa%d8%a7%d8%b1%d9%84%d9%8a%d9%86%d8%ac\/","name":"\u0639\u0644\u0627\u0645\u0629 \u0633\u062a\u0627\u0631\u0644\u064a\u0646\u062c - Starling Tea","isPartOf":{"@id":"https:\/\/starling-tea.com\/#website"},"datePublished":"2022-06-29T08:28:31+00:00","dateModified":"2022-11-17T10:33:35+00:00","breadcrumb":{"@id":"https:\/\/starling-tea.com\/ar\/%d8%b9%d9%84%d8%a7%d9%85%d8%a9-%d8%b3%d8%aa%d8%a7%d8%b1%d9%84%d9%8a%d9%86%d8%ac\/#breadcrumb"},"inLanguage":"ar","potentialAction":[{"@type":"ReadAction","target":["https:\/\/starling-tea.com\/ar\/%d8%b9%d9%84%d8%a7%d9%85%d8%a9-%d8%b3%d8%aa%d8%a7%d8%b1%d9%84%d9%8a%d9%86%d8%ac\/"]}]},{"@type":"BreadcrumbList","@id":"https:\/\/starling-tea.com\/ar\/%d8%b9%d9%84%d8%a7%d9%85%d8%a9-%d8%b3%d8%aa%d8%a7%d8%b1%d9%84%d9%8a%d9%86%d8%ac\/#breadcrumb","itemListElement":[{"@type":"ListItem","position":1,"name":"Accueil","item":"https:\/\/starling-tea.com\/ar\/"},{"@type":"ListItem","position":2,"name":"\u0639\u0644\u0627\u0645\u0629 \u0633\u062a\u0627\u0631\u0644\u064a\u0646\u062c"}]},{"@type":"WebSite","@id":"https:\/\/starling-tea.com\/#website","url":"https:\/\/starling-tea.com\/","name":"Starling Tea","description":"LES BOISSONS INSTANTAN\u00c9ES STARLING, UN SUCC\u00c8S DEPUIS PLUS DE 30 ANS","potentialAction":[{"@type":"SearchAction","target":{"@type":"EntryPoint","urlTemplate":"https:\/\/starling-tea.com\/?s={search_term_string}"},"query-input":"required name=search_term_string"}],"inLanguage":"ar"}]}},"_links":{"self":[{"href":"https:\/\/starling-tea.com\/ar\/wp-json\/wp\/v2\/pages\/1102","targetHints":{"allow":["GET"]}}],"collection":[{"href":"https:\/\/starling-tea.com\/ar\/wp-json\/wp\/v2\/pages"}],"about":[{"href":"https:\/\/starling-tea.com\/ar\/wp-json\/wp\/v2\/types\/page"}],"author":[{"embeddable":true,"href":"https:\/\/starling-tea.com\/ar\/wp-json\/wp\/v2\/users\/1"}],"replies":[{"embeddable":true,"href":"https:\/\/starling-tea.com\/ar\/wp-json\/wp\/v2\/comments?post=1102"}],"version-history":[{"count":4,"href":"https:\/\/starling-tea.com\/ar\/wp-json\/wp\/v2\/pages\/1102\/revisions"}],"predecessor-version":[{"id":1108,"href":"https:\/\/starling-tea.com\/ar\/wp-json\/wp\/v2\/pages\/1102\/revisions\/1108"}],"wp:attachment":[{"href":"https:\/\/starling-tea.com\/ar\/wp-json\/wp\/v2\/media?parent=1102"}],"curies":[{"name":"wp","href":"https:\/\/api.w.org\/{rel}","templated":true}]}}