{"id":797,"date":"2022-08-22T14:42:12","date_gmt":"2022-08-22T12:42:12","guid":{"rendered":"https:\/\/starling-tea.com\/mentions-legales\/"},"modified":"2022-08-22T16:42:38","modified_gmt":"2022-08-22T14:42:38","slug":"legal-notices","status":"publish","type":"page","link":"https:\/\/starling-tea.com\/en\/legal-notices\/","title":{"rendered":"Legal notices"},"content":{"rendered":"<p>[et_pb_section fb_built=&#8221;1&#8243; module_class=&#8221;landingPage friseBlanche&#8221; _builder_version=&#8221;4.17.4&#8243; _module_preset=&#8221;default&#8221; use_background_color_gradient=&#8221;on&#8221; background_color_gradient_stops=&#8221;#ffde00 0%|#e9900c 100%&#8221; locked=&#8221;off&#8221; global_colors_info=&#8221;{}&#8221;][et_pb_row _builder_version=&#8221;4.17.4&#8243; _module_preset=&#8221;default&#8221; global_colors_info=&#8221;{}&#8221;][et_pb_column type=&#8221;4_4&#8243; _builder_version=&#8221;4.17.4&#8243; _module_preset=&#8221;default&#8221; global_colors_info=&#8221;{}&#8221;][et_pb_text module_class=&#8221;textLanding&#8221; _builder_version=&#8221;4.17.6&#8243; _module_preset=&#8221;default&#8221; background_enable_image=&#8221;off&#8221; hover_enabled=&#8221;0&#8243; global_colors_info=&#8221;{}&#8221; sticky_enabled=&#8221;0&#8243;]<\/p>\n<h1 class='txtLanding'>Mentions l\u00e9gales<\/h1>\n<p>[\/et_pb_text][\/et_pb_column][\/et_pb_row][et_pb_row _builder_version=&#8221;4.17.6&#8243; _module_preset=&#8221;default&#8221; global_colors_info=&#8221;{}&#8221;][et_pb_column type=&#8221;4_4&#8243; _builder_version=&#8221;4.17.4&#8243; _module_preset=&#8221;default&#8221; global_colors_info=&#8221;{}&#8221;][et_pb_image src=&#8221;https:\/\/starling-tea.com\/wp-content\/uploads\/2022\/06\/arrow.png&#8221; title_text=&#8221;arrow&#8221; url=&#8221;#nextSection&#8221; align=&#8221;center&#8221; module_class=&#8221;arrow&#8221; _builder_version=&#8221;4.17.6&#8243; _module_preset=&#8221;default&#8221; global_colors_info=&#8221;{}&#8221;][\/et_pb_image][\/et_pb_column][\/et_pb_row][\/et_pb_section][et_pb_section fb_built=&#8221;1&#8243; module_id=&#8221;nextSection&#8221; _builder_version=&#8221;4.17.6&#8243; _module_preset=&#8221;default&#8221; global_colors_info=&#8221;{}&#8221;][et_pb_row _builder_version=&#8221;4.17.6&#8243; _module_preset=&#8221;default&#8221; global_colors_info=&#8221;{}&#8221;][et_pb_column type=&#8221;4_4&#8243; _builder_version=&#8221;4.17.6&#8243; _module_preset=&#8221;default&#8221; global_colors_info=&#8221;{}&#8221;][et_pb_text _builder_version=&#8221;4.17.6&#8243; _module_preset=&#8221;default&#8221; global_colors_info=&#8221;{}&#8221;]<\/p>\n<h3 class=\"titreMentions\">Directeur de publication<\/h3>\n<p class=\"txtMentions\">Philippe Gauthier<\/p>\n<h3 class=\"titreMentions\">Informations sur la soci\u00e9t\u00e9<\/h3>\n<p class=\"txtMentions\">Starling-tea est une marque de la soci\u00e9t\u00e9 :<br \/>\nRacines sas<br \/>\nParc Scientifique Agropolis II \u2013 CS 97001<br \/>\nF-34397 Montpellier cedex 5<br \/>\nT\u00e9l : 04 67 52 22 15 \/ Email :\u00a0<a class=\"lienMentions\" href=\"mailto:contact@racines-sa.com\">contact@racines-sa.com<\/a><\/p>\n<h3 class=\"titreMentions\">H\u00e9bergement<\/h3>\n<p class=\"txtMentions\">Le site est h\u00e9berg\u00e9 par les services de la soci\u00e9t\u00e9 Alwaysdata<\/p>\n<h3 class=\"titreMentions\">Webdesign et d\u00e9veloppement<\/h3>\n<p class=\"txtMentions\">Agence NEA<br \/>\n300 rue Auguste Broussonnet 34090 Montpellier<br \/>\n<a href=\"https:\/\/nea-design.fr\" target=\"_blank\" rel=\"noopener\">nea-design.fr<\/a><\/p>\n<h3 class=\"titreMentions\">Conditions d\u2019utilisation<\/h3>\n<p class=\"txtMentions\">Respect des droits de propri\u00e9t\u00e9 intellectuelle<br \/>\nL\u2019ensemble du Contenu pr\u00e9sent sur le Site et notamment son architecture, les textes, photos, illustrations, logiciels, nom de produits et marques d\u00e9pos\u00e9es est la propri\u00e9t\u00e9 de RACINES ou font l\u2019objet d\u2019une licence de la part de tiers au b\u00e9n\u00e9fice de RACINES.<br \/>\nConform\u00e9ment au Code de la propri\u00e9t\u00e9 intellectuelle, est interdite toute repr\u00e9sentation ou reproduction non express\u00e9ment autoris\u00e9e, int\u00e9grale ou partielle et par quelque proc\u00e9d\u00e9 que ce soit du contenu pr\u00e9sent sur le site racines-sa.com. Toute repr\u00e9sentation ou reproduction de ce contenu en violation des droits de propri\u00e9t\u00e9 intellectuelle de leur titulaire constitue une contrefa\u00e7on.<\/p>\n<h3 class=\"titreMentions\">Validit\u00e9 des informations fournies<\/h3>\n<p class=\"txtMentions\">Les informations et recommandations pr\u00e9sentes sur le Site sont propos\u00e9es par RACINES pour l\u2019information de l\u2019Utilisateur et de bonne foi. RACINES s\u2019emploie \u00e0 fournir \u00e0 l\u2019Utilisateur des informations pr\u00e9cises et actualis\u00e9es. Cependant, les informations et recommandations pr\u00e9sentes sur le Site sont fournies en l\u2019\u00e9tat et RACINES ne donne aucune garantie relative \u00e0 la compatibilit\u00e9 de ces informations et recommandations avec les besoins ou attentes de l\u2019Utilisateur ni quant \u00e0 l\u2019exactitude des informations fournies, notamment concernant les produits propos\u00e9s.<br \/>\nResponsabilit\u00e9<br \/>\nLes services propos\u00e9s fonctionnent au moyen d\u2019internet dont RACINES ne peut assurer le contr\u00f4le.<br \/>\nRACINES d\u00e9cline toute responsabilit\u00e9 en cas d\u2019indisponibilit\u00e9 du Site, de toute difficult\u00e9 ou incapacit\u00e9 pour l\u2019Utilisateur \u00e0 t\u00e9l\u00e9charger ou \u00e0 acc\u00e9der au Contenu, ou de toute d\u00e9faillance du syst\u00e8me de communication qui pourrait rendre les services indisponibles.<br \/>\nAinsi, RACINES, ses dirigeants ou salari\u00e9s ne sauraient \u00eatre tenus responsables pour quelque dommage que ce soit, direct ou indirect, caus\u00e9s \u00e0 l\u2019Utilisateur et provenant d\u2019une connexion au Site.<br \/>\nRACINES se r\u00e9serve la possibilit\u00e9 de modifier, suspendre ou interrompre la diffusion de tout ou partie du Site ou des liens hypertextes pointant vers d\u2019autres sites.<\/p>\n<h3 class=\"titreMentions\">Comportement de l\u2019Utilisateur<\/h3>\n<p class=\"txtMentions\">L\u2019Utilisateur s\u2019engage \u00e0 ne pas, volontairement ou non, introduire de virus ou de fichier de quelque nature que ce soit perturbant le fonctionnement du Site. Dans un tel cas, l\u2019Utilisateur en sera seul responsable.<br \/>\nDe fa\u00e7on g\u00e9n\u00e9rale, l\u2019Utilisateur s\u2019engage \u00e0 ne pas porter atteinte \u00e0 l\u2019int\u00e9grit\u00e9 du pr\u00e9sent Site, de quelque mani\u00e8re que ce soit.<br \/>\nLiens hypertextes<br \/>\nRACINES d\u00e9cline toute responsabilit\u00e9 relative aux liens hypertextes pointant ou propos\u00e9s par le Site et au contenu des pages vers lesquelles l\u2019Utilisateur pourrait \u00eatre redirig\u00e9 par ces liens hypertextes.<br \/>\nLa mise en place de liens hypertextes vers tout ou partie du Site est strictement interdite sans l\u2019autorisation expresse et pr\u00e9alable de RACINES.<\/p>\n<h3 class=\"titreMentions\">Modifications<\/h3>\n<p class=\"txtMentions\">RACINES se r\u00e9serve le droit de modifier ou de mettre \u00e0 jour ces mentions l\u00e9gales \u00e0 n\u2019importe quel moment et sans notification pr\u00e9alable. Il convient \u00e0 l\u2019Utilisateur de se tenir inform\u00e9 des modifications apport\u00e9es en prenant connaissance r\u00e9guli\u00e8rement de cette page.<br \/>\nTout contentieux relatif \u00e0 l\u2019utilisation du Site sera soumis la loi fran\u00e7aise.<\/p>\n<h3 class=\"titreMentions\">Politique de confidentialit\u00e9 &amp; Respect de la vie priv\u00e9e<\/h3>\n<p class=\"txtMentions\">Le site Starling-tea.com utilise des \u2018cookies\u2019 afin d\u2019offrir une meilleure exp\u00e9rience de navigation, analyser le trafic du site, personnaliser le contenu. Il vous est possible de g\u00e9rer les cookies du nom de domaine Starling-tea.com\/ depuis les param\u00e8tres de votre navigateur. Conform\u00e9ment \u00e0 la loi Informatique et Libert\u00e9, vous b\u00e9n\u00e9ficiez d\u2019un droit d\u2019acc\u00e8s, de modification, de rectification et de suppression de toute information vous concernant. Pour toute demande, adressez-vous \u00e0 :\u00a0<a class=\"lienMentions\" href=\"mailto:montpellier@racines-sa.com\">montpellier@racines-sa.com<\/a><\/p>\n<h3 class=\"titreMentions\">Droit d\u2019auteur<\/h3>\n<p class=\"txtMentions\">Les textes, mises en page, illustrations, photographies, documentations et tous autres \u00e9l\u00e9ments figurant sur le Site sont prot\u00e9g\u00e9s par le droit d\u2019auteur.<\/p>\n<p>[\/et_pb_text][\/et_pb_column][\/et_pb_row][\/et_pb_section]<\/p>\n","protected":false},"excerpt":{"rendered":"<p>Mentions l\u00e9galesDirecteur de publication Philippe Gauthier Informations sur la soci\u00e9t\u00e9 Starling-tea est une marque de la soci\u00e9t\u00e9 : Racines sas Parc Scientifique Agropolis II \u2013 CS 97001 F-34397 Montpellier cedex 5 T\u00e9l : 04 67 52 22 15 \/ Email :\u00a0contact@racines-sa.com H\u00e9bergement Le site est h\u00e9berg\u00e9 par les services de la soci\u00e9t\u00e9 Alwaysdata Webdesign et [&hellip;]<\/p>\n","protected":false},"author":1,"featured_media":0,"parent":0,"menu_order":0,"comment_status":"closed","ping_status":"closed","template":"","meta":{"_et_pb_use_builder":"on","_et_pb_old_content":"","_et_gb_content_width":"","footnotes":""},"class_list":["post-797","page","type-page","status-publish","hentry"],"yoast_head":"<!-- This site is optimized with the Yoast SEO plugin v22.7 - https:\/\/yoast.com\/wordpress\/plugins\/seo\/ -->\n<title>Legal notices - Starling Tea<\/title>\n<meta name=\"robots\" content=\"index, follow, max-snippet:-1, max-image-preview:large, max-video-preview:-1\" \/>\n<link rel=\"canonical\" href=\"https:\/\/starling-tea.com\/en\/legal-notices\/\" \/>\n<meta property=\"og:locale\" content=\"en_US\" \/>\n<meta property=\"og:type\" content=\"article\" \/>\n<meta property=\"og:title\" content=\"Legal notices - Starling Tea\" \/>\n<meta property=\"og:description\" content=\"Mentions l\u00e9galesDirecteur de publication Philippe Gauthier Informations sur la soci\u00e9t\u00e9 Starling-tea est une marque de la soci\u00e9t\u00e9 : Racines sas Parc Scientifique Agropolis II \u2013 CS 97001 F-34397 Montpellier cedex 5 T\u00e9l : 04 67 52 22 15 \/ Email :\u00a0contact@racines-sa.com H\u00e9bergement Le site est h\u00e9berg\u00e9 par les services de la soci\u00e9t\u00e9 Alwaysdata Webdesign et [&hellip;]\" \/>\n<meta property=\"og:url\" content=\"https:\/\/starling-tea.com\/en\/legal-notices\/\" \/>\n<meta property=\"og:site_name\" content=\"Starling Tea\" \/>\n<meta property=\"article:modified_time\" content=\"2022-08-22T14:42:38+00:00\" \/>\n<meta name=\"twitter:card\" content=\"summary_large_image\" \/>\n<meta name=\"twitter:label1\" content=\"Est. reading time\" \/>\n\t<meta name=\"twitter:data1\" content=\"5 minutes\" \/>\n<script type=\"application\/ld+json\" class=\"yoast-schema-graph\">{\"@context\":\"https:\/\/schema.org\",\"@graph\":[{\"@type\":\"WebPage\",\"@id\":\"https:\/\/starling-tea.com\/en\/legal-notices\/\",\"url\":\"https:\/\/starling-tea.com\/en\/legal-notices\/\",\"name\":\"Legal notices - Starling Tea\",\"isPartOf\":{\"@id\":\"https:\/\/starling-tea.com\/#website\"},\"datePublished\":\"2022-08-22T12:42:12+00:00\",\"dateModified\":\"2022-08-22T14:42:38+00:00\",\"breadcrumb\":{\"@id\":\"https:\/\/starling-tea.com\/en\/legal-notices\/#breadcrumb\"},\"inLanguage\":\"en-US\",\"potentialAction\":[{\"@type\":\"ReadAction\",\"target\":[\"https:\/\/starling-tea.com\/en\/legal-notices\/\"]}]},{\"@type\":\"BreadcrumbList\",\"@id\":\"https:\/\/starling-tea.com\/en\/legal-notices\/#breadcrumb\",\"itemListElement\":[{\"@type\":\"ListItem\",\"position\":1,\"name\":\"Accueil\",\"item\":\"https:\/\/starling-tea.com\/en\/\"},{\"@type\":\"ListItem\",\"position\":2,\"name\":\"Legal notices\"}]},{\"@type\":\"WebSite\",\"@id\":\"https:\/\/starling-tea.com\/#website\",\"url\":\"https:\/\/starling-tea.com\/\",\"name\":\"Starling Tea\",\"description\":\"LES BOISSONS INSTANTAN\u00c9ES STARLING, UN SUCC\u00c8S DEPUIS PLUS DE 30 ANS\",\"potentialAction\":[{\"@type\":\"SearchAction\",\"target\":{\"@type\":\"EntryPoint\",\"urlTemplate\":\"https:\/\/starling-tea.com\/?s={search_term_string}\"},\"query-input\":\"required name=search_term_string\"}],\"inLanguage\":\"en-US\"}]}<\/script>\n<!-- \/ Yoast SEO plugin. -->","yoast_head_json":{"title":"Legal notices - Starling Tea","robots":{"index":"index","follow":"follow","max-snippet":"max-snippet:-1","max-image-preview":"max-image-preview:large","max-video-preview":"max-video-preview:-1"},"canonical":"https:\/\/starling-tea.com\/en\/legal-notices\/","og_locale":"en_US","og_type":"article","og_title":"Legal notices - Starling Tea","og_description":"Mentions l\u00e9galesDirecteur de publication Philippe Gauthier Informations sur la soci\u00e9t\u00e9 Starling-tea est une marque de la soci\u00e9t\u00e9 : Racines sas Parc Scientifique Agropolis II \u2013 CS 97001 F-34397 Montpellier cedex 5 T\u00e9l : 04 67 52 22 15 \/ Email :\u00a0contact@racines-sa.com H\u00e9bergement Le site est h\u00e9berg\u00e9 par les services de la soci\u00e9t\u00e9 Alwaysdata Webdesign et [&hellip;]","og_url":"https:\/\/starling-tea.com\/en\/legal-notices\/","og_site_name":"Starling Tea","article_modified_time":"2022-08-22T14:42:38+00:00","twitter_card":"summary_large_image","twitter_misc":{"Est. reading time":"5 minutes"},"schema":{"@context":"https:\/\/schema.org","@graph":[{"@type":"WebPage","@id":"https:\/\/starling-tea.com\/en\/legal-notices\/","url":"https:\/\/starling-tea.com\/en\/legal-notices\/","name":"Legal notices - Starling Tea","isPartOf":{"@id":"https:\/\/starling-tea.com\/#website"},"datePublished":"2022-08-22T12:42:12+00:00","dateModified":"2022-08-22T14:42:38+00:00","breadcrumb":{"@id":"https:\/\/starling-tea.com\/en\/legal-notices\/#breadcrumb"},"inLanguage":"en-US","potentialAction":[{"@type":"ReadAction","target":["https:\/\/starling-tea.com\/en\/legal-notices\/"]}]},{"@type":"BreadcrumbList","@id":"https:\/\/starling-tea.com\/en\/legal-notices\/#breadcrumb","itemListElement":[{"@type":"ListItem","position":1,"name":"Accueil","item":"https:\/\/starling-tea.com\/en\/"},{"@type":"ListItem","position":2,"name":"Legal notices"}]},{"@type":"WebSite","@id":"https:\/\/starling-tea.com\/#website","url":"https:\/\/starling-tea.com\/","name":"Starling Tea","description":"LES BOISSONS INSTANTAN\u00c9ES STARLING, UN SUCC\u00c8S DEPUIS PLUS DE 30 ANS","potentialAction":[{"@type":"SearchAction","target":{"@type":"EntryPoint","urlTemplate":"https:\/\/starling-tea.com\/?s={search_term_string}"},"query-input":"required name=search_term_string"}],"inLanguage":"en-US"}]}},"_links":{"self":[{"href":"https:\/\/starling-tea.com\/en\/wp-json\/wp\/v2\/pages\/797","targetHints":{"allow":["GET"]}}],"collection":[{"href":"https:\/\/starling-tea.com\/en\/wp-json\/wp\/v2\/pages"}],"about":[{"href":"https:\/\/starling-tea.com\/en\/wp-json\/wp\/v2\/types\/page"}],"author":[{"embeddable":true,"href":"https:\/\/starling-tea.com\/en\/wp-json\/wp\/v2\/users\/1"}],"replies":[{"embeddable":true,"href":"https:\/\/starling-tea.com\/en\/wp-json\/wp\/v2\/comments?post=797"}],"version-history":[{"count":3,"href":"https:\/\/starling-tea.com\/en\/wp-json\/wp\/v2\/pages\/797\/revisions"}],"predecessor-version":[{"id":803,"href":"https:\/\/starling-tea.com\/en\/wp-json\/wp\/v2\/pages\/797\/revisions\/803"}],"wp:attachment":[{"href":"https:\/\/starling-tea.com\/en\/wp-json\/wp\/v2\/media?parent=797"}],"curies":[{"name":"wp","href":"https:\/\/api.w.org\/{rel}","templated":true}]}}